{"id":2407,"date":"2020-03-06T07:58:00","date_gmt":"2020-03-06T07:58:00","guid":{"rendered":"http:\/\/wpdemo.archiwp.com\/engitech\/?page_id=2407"},"modified":"2025-09-09T17:28:01","modified_gmt":"2025-09-09T10:28:01","slug":"it-services","status":"publish","type":"page","link":"https:\/\/trithucmoi.net.vn\/index.php\/it-services\/","title":{"rendered":"S\u1ea3n ph\u1ea9m"},"content":{"rendered":"\t\t<div data-elementor-type=\"wp-page\" data-elementor-id=\"2407\" class=\"elementor elementor-2407\">\n\t\t\t\t\t\t\t\t\t<section class=\"elementor-section elementor-top-section elementor-element elementor-element-ca00d56 ot-traditional elementor-section-boxed elementor-section-height-default elementor-section-height-default\" data-id=\"ca00d56\" data-element_type=\"section\">\n\t\t\t\t\t\t<div class=\"elementor-container elementor-column-gap-default\">\n\t\t\t\t\t<div class=\"elementor-column elementor-col-100 elementor-top-column elementor-element elementor-element-ffdf0ac ot-flex-column-vertical\" data-id=\"ffdf0ac\" data-element_type=\"column\">\n\t\t\t<div class=\"elementor-widget-wrap elementor-element-populated\">\n\t\t\t\t\t\t\t\t<section class=\"elementor-section elementor-inner-section elementor-element elementor-element-75221f9 elementor-section-full_width elementor-section-content-bottom ot-traditional elementor-section-height-default elementor-section-height-default\" data-id=\"75221f9\" data-element_type=\"section\">\n\t\t\t\t\t\t<div class=\"elementor-container elementor-column-gap-default\">\n\t\t\t\t\t<div class=\"elementor-column elementor-col-50 elementor-inner-column elementor-element elementor-element-c1b831a ot-flex-column-vertical\" data-id=\"c1b831a\" data-element_type=\"column\">\n\t\t\t<div class=\"elementor-widget-wrap elementor-element-populated\">\n\t\t\t\t\t\t\t\t<div class=\"elementor-element elementor-element-1b26fd1 elementor-widget elementor-widget-iheading\" data-id=\"1b26fd1\" data-element_type=\"widget\" data-widget_type=\"iheading.default\">\n\t\t\t\t<div class=\"elementor-widget-container\">\n\t\t\t\t\t<div class=\"ot-heading\">\r\n\t        \t            <span>S\u1ea2N PH\u1ea8M <\/span>\r\n\t        <h2 class=\"main-heading\">S\u1ea2N PH\u1ea8M C\u1ee6A TRI TH\u1ee8C M\u1edaI NKG<\/h2>\t    <\/div>\r\n\t    \t\t<\/div>\n\t\t\t\t<\/div>\n\t\t\t\t\t<\/div>\n\t\t<\/div>\n\t\t\t\t<div class=\"elementor-column elementor-col-50 elementor-inner-column elementor-element elementor-element-615e33b ot-flex-column-vertical\" data-id=\"615e33b\" data-element_type=\"column\">\n\t\t\t<div class=\"elementor-widget-wrap elementor-element-populated\">\n\t\t\t\t\t\t\t\t<div class=\"elementor-element elementor-element-83ec4ab elementor-align-right elementor-mobile-align-left elementor-widget elementor-widget-ibutton\" data-id=\"83ec4ab\" data-element_type=\"widget\" data-widget_type=\"ibutton.default\">\n\t\t\t\t<div class=\"elementor-widget-container\">\n\t\t\t\t\t<div class=\"ot-button\">\r\n\t\t\t<a href=\"https:\/\/trithucmoi.net.vn\/index.php\/contacts\/\" class=\"octf-btn octf-btn-primary\">LI\u00caN H\u1ec6<\/a>\r\n\t    <\/div>\r\n\t    \t\t<\/div>\n\t\t\t\t<\/div>\n\t\t\t\t\t<\/div>\n\t\t<\/div>\n\t\t\t\t\t\t\t<\/div>\n\t\t<\/section>\n\t\t\t\t<section class=\"elementor-section elementor-inner-section elementor-element elementor-element-95c33ab elementor-section-full_width elementor-section-content-space-evenly elementor-section-height-default elementor-section-height-default\" data-id=\"95c33ab\" data-element_type=\"section\">\n\t\t\t\t\t\t<div class=\"elementor-container elementor-column-gap-narrow\">\n\t\t\t\t\t<div class=\"elementor-column elementor-col-25 elementor-inner-column elementor-element elementor-element-480011a ot-column-items-top ot-flex-column-vertical\" data-id=\"480011a\" data-element_type=\"column\">\n\t\t\t<div class=\"elementor-widget-wrap elementor-element-populated\">\n\t\t\t\t\t\t\t\t<div class=\"elementor-element elementor-element-7c2ccd4 elementor-widget elementor-widget-iiconbox2\" data-id=\"7c2ccd4\" data-element_type=\"widget\" data-widget_type=\"iiconbox2.default\">\n\t\t\t\t<div class=\"elementor-widget-container\">\n\t\t\t\t\t<div class=\"icon-box-s2 s2\">\r\n\t\t\t<div class=\"icon-main\">\r\n\t\t        \t\t\t    <img decoding=\"async\" src=\"https:\/\/trithucmoi.net.vn\/wp-content\/uploads\/2022\/09\/lms.png\" alt=\"H\u1ec7 th\u1ed1ng qu\u1ea3n l\u00fd \u0111\u00e0o t\u1ea1o s\u1ed1 (LMS\/LCMS\/CMS)\">\t\t        \t\t        \t        <\/div>\r\n\t        <div class=\"content-box\">\r\n\t            <h5>H\u1ec7 th\u1ed1ng qu\u1ea3n l\u00fd \u0111\u00e0o t\u1ea1o s\u1ed1 (LMS\/LCMS\/CMS)<\/h5>\r\n\t            <p><\/p>\r\n\t        <\/div>\r\n\t    <\/div>\r\n\t    \t\t<\/div>\n\t\t\t\t<\/div>\n\t\t\t\t<div class=\"elementor-element elementor-element-ce0e0df elementor-widget elementor-widget-iiconbox2\" data-id=\"ce0e0df\" data-element_type=\"widget\" data-widget_type=\"iiconbox2.default\">\n\t\t\t\t<div class=\"elementor-widget-container\">\n\t\t\t\t\t<div class=\"icon-box-s2 s2\">\r\n\t\t\t<div class=\"icon-main\">\r\n\t\t        \t\t\t    <img decoding=\"async\" src=\"https:\/\/trithucmoi.net.vn\/wp-content\/uploads\/2022\/09\/Group-10.png\" alt=\"N\u1ec1n t\u1ea3ng tr\u1ee5c t\u00edch h\u1ee3p v\u00e0 qu\u1ea3n l\u00fd ng\u01b0\u1eddi d\u00f9ng t\u1eadp trung SSO\">\t\t        \t\t        \t        <\/div>\r\n\t        <div class=\"content-box\">\r\n\t            <h5>N\u1ec1n t\u1ea3ng tr\u1ee5c t\u00edch h\u1ee3p v\u00e0 qu\u1ea3n l\u00fd ng\u01b0\u1eddi d\u00f9ng t\u1eadp trung SSO<\/h5>\r\n\t            <p><\/p>\r\n\t        <\/div>\r\n\t    <\/div>\r\n\t    \t\t<\/div>\n\t\t\t\t<\/div>\n\t\t\t\t<div class=\"elementor-element elementor-element-8db6031 elementor-widget elementor-widget-iiconbox2\" data-id=\"8db6031\" data-element_type=\"widget\" data-widget_type=\"iiconbox2.default\">\n\t\t\t\t<div class=\"elementor-widget-container\">\n\t\t\t\t\t<div class=\"icon-box-s2 s2\">\r\n\t\t\t<div class=\"icon-main\">\r\n\t\t        \t\t\t    <img decoding=\"async\" src=\"https:\/\/trithucmoi.net.vn\/wp-content\/uploads\/2025\/09\/app-logo.jpg\" alt=\"Tri th\u1ee9c s\u1ed1  \u2013 n\u1ec1n t\u1ea3ng h\u1ecdc AI d\u00e0nh cho gi\u00e1o vi\u00ean\">\t\t        \t\t        \t        <\/div>\r\n\t        <div class=\"content-box\">\r\n\t            <h5><a href=\"https:\/\/trithucso.edu.vn\/\">Tri th\u1ee9c s\u1ed1  \u2013 n\u1ec1n t\u1ea3ng h\u1ecdc AI d\u00e0nh cho gi\u00e1o vi\u00ean<\/a><\/h5>\r\n\t            <p><\/p>\r\n\t        <\/div>\r\n\t    <\/div>\r\n\t    \t\t<\/div>\n\t\t\t\t<\/div>\n\t\t\t\t\t<\/div>\n\t\t<\/div>\n\t\t\t\t<div class=\"elementor-column elementor-col-25 elementor-inner-column elementor-element elementor-element-d0537ec ot-column-items-top ot-flex-column-vertical\" data-id=\"d0537ec\" data-element_type=\"column\">\n\t\t\t<div class=\"elementor-widget-wrap elementor-element-populated\">\n\t\t\t\t\t\t\t\t<div class=\"elementor-element elementor-element-868ff53 elementor-widget elementor-widget-iiconbox2\" data-id=\"868ff53\" data-element_type=\"widget\" data-widget_type=\"iiconbox2.default\">\n\t\t\t\t<div class=\"elementor-widget-container\">\n\t\t\t\t\t<div class=\"icon-box-s2 s2\">\r\n\t\t\t<div class=\"icon-main\">\r\n\t\t        \t\t\t    <img decoding=\"async\" src=\"https:\/\/trithucmoi.net.vn\/wp-content\/uploads\/2022\/09\/ioc.png\" alt=\"H\u1ec7 th\u1ed1ng trung t\u00e2m \u0111i\u1ec1u h\u00e0nh s\u1ed1 (Dashboard IOC)\">\t\t        \t\t        \t        <\/div>\r\n\t        <div class=\"content-box\">\r\n\t            <h5>H\u1ec7 th\u1ed1ng trung t\u00e2m \u0111i\u1ec1u h\u00e0nh s\u1ed1 (Dashboard IOC)<\/h5>\r\n\t            <p><\/p>\r\n\t        <\/div>\r\n\t    <\/div>\r\n\t    \t\t<\/div>\n\t\t\t\t<\/div>\n\t\t\t\t<div class=\"elementor-element elementor-element-2b3c1ef elementor-widget__width-auto elementor-widget elementor-widget-iiconbox2\" data-id=\"2b3c1ef\" data-element_type=\"widget\" data-widget_type=\"iiconbox2.default\">\n\t\t\t\t<div class=\"elementor-widget-container\">\n\t\t\t\t\t<div class=\"icon-box-s2 s2\">\r\n\t\t\t<div class=\"icon-main\">\r\n\t\t        \t\t\t    <img decoding=\"async\" src=\"https:\/\/trithucmoi.net.vn\/wp-content\/uploads\/2022\/09\/Group-8.png\" alt=\"\u1ee8ng d\u1ee5ng Super App v\u00e0 h\u1ec7 sinh th\u00e1i k\u1ebft n\u1ed1i s\u1ed1\">\t\t        \t\t        \t        <\/div>\r\n\t        <div class=\"content-box\">\r\n\t            <h5>\u1ee8ng d\u1ee5ng Super App v\u00e0 h\u1ec7 sinh th\u00e1i k\u1ebft n\u1ed1i s\u1ed1<\/h5>\r\n\t            <p><\/p>\r\n\t        <\/div>\r\n\t    <\/div>\r\n\t    \t\t<\/div>\n\t\t\t\t<\/div>\n\t\t\t\t<div class=\"elementor-element elementor-element-3d2a766 elementor-widget__width-auto elementor-widget elementor-widget-iiconbox2\" data-id=\"3d2a766\" data-element_type=\"widget\" data-widget_type=\"iiconbox2.default\">\n\t\t\t\t<div class=\"elementor-widget-container\">\n\t\t\t\t\t<div class=\"icon-box-s2 s2\">\r\n\t\t\t<div class=\"icon-main\">\r\n\t\t        \t\t\t    <img decoding=\"async\" src=\"https:\/\/trithucmoi.net.vn\/wp-content\/uploads\/2025\/09\/Logo.png\" alt=\"S\u00e1ch gi\u00e1o khoa \u0111i\u1ec7n t\u1eed GK Ebooks\">\t\t        \t\t        \t        <\/div>\r\n\t        <div class=\"content-box\">\r\n\t            <h5><a href=\"https:\/\/gkebooks.edu.vn\/\">S\u00e1ch gi\u00e1o khoa \u0111i\u1ec7n t\u1eed GK Ebooks<\/a><\/h5>\r\n\t            <p><\/p>\r\n\t        <\/div>\r\n\t    <\/div>\r\n\t    \t\t<\/div>\n\t\t\t\t<\/div>\n\t\t\t\t\t<\/div>\n\t\t<\/div>\n\t\t\t\t<div class=\"elementor-column elementor-col-25 elementor-inner-column elementor-element elementor-element-4d670fc ot-column-items-top ot-flex-column-vertical\" data-id=\"4d670fc\" data-element_type=\"column\">\n\t\t\t<div class=\"elementor-widget-wrap elementor-element-populated\">\n\t\t\t\t\t\t\t\t<div class=\"elementor-element elementor-element-40de8e4 elementor-widget__width-auto elementor-widget elementor-widget-iiconbox2\" data-id=\"40de8e4\" data-element_type=\"widget\" data-widget_type=\"iiconbox2.default\">\n\t\t\t\t<div class=\"elementor-widget-container\">\n\t\t\t\t\t<div class=\"icon-box-s2 s2\">\r\n\t\t\t<div class=\"icon-main\">\r\n\t\t        \t\t\t    <img decoding=\"async\" src=\"https:\/\/trithucmoi.net.vn\/wp-content\/uploads\/2022\/09\/LCMS.png\" alt=\"H\u1ec7 th\u1ed1ng kho h\u1ecdc li\u1ec7u s\u1ed1  (Dspace)\">\t\t        \t\t        \t        <\/div>\r\n\t        <div class=\"content-box\">\r\n\t            <h5>H\u1ec7 th\u1ed1ng kho h\u1ecdc li\u1ec7u s\u1ed1  (Dspace)<\/h5>\r\n\t            <p><\/p>\r\n\t        <\/div>\r\n\t    <\/div>\r\n\t    \t\t<\/div>\n\t\t\t\t<\/div>\n\t\t\t\t<div class=\"elementor-element elementor-element-0b3e580 elementor-widget__width-auto elementor-widget elementor-widget-iiconbox2\" data-id=\"0b3e580\" data-element_type=\"widget\" data-widget_type=\"iiconbox2.default\">\n\t\t\t\t<div class=\"elementor-widget-container\">\n\t\t\t\t\t<div class=\"icon-box-s2 s2\">\r\n\t\t\t<div class=\"icon-main\">\r\n\t\t        \t\t\t    <img decoding=\"async\" src=\"https:\/\/trithucmoi.net.vn\/wp-content\/uploads\/2022\/09\/Group-9.png\" alt=\"H\u1ec7 th\u1ed1ng ph\u00e2n t\u00edch v\u00e0 theo d\u00f5i th\u00f4ng tin tr\u00ean m\u1ea1ng x\u00e3 h\u1ed9i (SLS)\">\t\t        \t\t        \t        <\/div>\r\n\t        <div class=\"content-box\">\r\n\t            <h5><a href=\"https:\/\/sls.trithucmoi.us\/auth\/login\">H\u1ec7 th\u1ed1ng ph\u00e2n t\u00edch v\u00e0 theo d\u00f5i th\u00f4ng tin tr\u00ean m\u1ea1ng x\u00e3 h\u1ed9i (SLS)<\/a><\/h5>\r\n\t            <p><\/p>\r\n\t        <\/div>\r\n\t    <\/div>\r\n\t    \t\t<\/div>\n\t\t\t\t<\/div>\n\t\t\t\t\t<\/div>\n\t\t<\/div>\n\t\t\t\t<div class=\"elementor-column elementor-col-25 elementor-inner-column elementor-element elementor-element-c645671 elementor-hidden-tablet ot-column-items-top ot-flex-column-vertical\" data-id=\"c645671\" data-element_type=\"column\">\n\t\t\t<div class=\"elementor-widget-wrap elementor-element-populated\">\n\t\t\t\t\t\t\t\t<div class=\"elementor-element elementor-element-cc83180 elementor-widget elementor-widget-iiconbox2\" data-id=\"cc83180\" data-element_type=\"widget\" data-widget_type=\"iiconbox2.default\">\n\t\t\t\t<div class=\"elementor-widget-container\">\n\t\t\t\t\t<div class=\"icon-box-s2 s2\">\r\n\t\t\t<div class=\"icon-main\">\r\n\t\t        \t\t\t    <img decoding=\"async\" src=\"https:\/\/trithucmoi.net.vn\/wp-content\/uploads\/2022\/09\/Mooc.png\" alt=\"N\u1ec1n t\u1ea3ng h\u1ecdc tr\u1ef1c tuy\u1ebfn m\u1edf (Moocs)\">\t\t        \t\t        \t        <\/div>\r\n\t        <div class=\"content-box\">\r\n\t            <h5><a href=\"https:\/\/moocs.edu.vn\/\">N\u1ec1n t\u1ea3ng h\u1ecdc tr\u1ef1c tuy\u1ebfn m\u1edf (Moocs)<\/a><\/h5>\r\n\t            <p><\/p>\r\n\t        <\/div>\r\n\t    <\/div>\r\n\t    \t\t<\/div>\n\t\t\t\t<\/div>\n\t\t\t\t<div class=\"elementor-element elementor-element-225b5e5 elementor-widget elementor-widget-iiconbox2\" data-id=\"225b5e5\" data-element_type=\"widget\" data-widget_type=\"iiconbox2.default\">\n\t\t\t\t<div class=\"elementor-widget-container\">\n\t\t\t\t\t<div class=\"icon-box-s2 s2\">\r\n\t\t\t<div class=\"icon-main\">\r\n\t\t        \t\t\t    <img decoding=\"async\" src=\"https:\/\/trithucmoi.net.vn\/wp-content\/uploads\/2022\/09\/dich-vu-khac.png\" alt=\"Thanh to\u00e1n kh\u00f4ng d\u00f9ng ti\u1ec1n m\u1eb7t\">\t\t        \t\t        \t        <\/div>\r\n\t        <div class=\"content-box\">\r\n\t            <h5>Thanh to\u00e1n kh\u00f4ng d\u00f9ng ti\u1ec1n m\u1eb7t<\/h5>\r\n\t            <p><\/p>\r\n\t        <\/div>\r\n\t    <\/div>\r\n\t    \t\t<\/div>\n\t\t\t\t<\/div>\n\t\t\t\t\t<\/div>\n\t\t<\/div>\n\t\t\t\t\t\t\t<\/div>\n\t\t<\/section>\n\t\t\t\t\t<\/div>\n\t\t<\/div>\n\t\t\t\t\t\t\t<\/div>\n\t\t<\/section>\n\t\t\t\t<section class=\"elementor-section elementor-top-section elementor-element elementor-element-ef73633 ot-traditional elementor-section-boxed elementor-section-height-default elementor-section-height-default\" data-id=\"ef73633\" data-element_type=\"section\">\n\t\t\t\t\t\t<div class=\"elementor-container elementor-column-gap-default\">\n\t\t\t\t\t<div class=\"elementor-column elementor-col-100 elementor-top-column elementor-element elementor-element-354b24b ot-flex-column-vertical\" data-id=\"354b24b\" data-element_type=\"column\">\n\t\t\t<div class=\"elementor-widget-wrap elementor-element-populated\">\n\t\t\t\t\t\t\t\t<div class=\"elementor-element elementor-element-789c93b elementor-widget elementor-widget-spacer\" data-id=\"789c93b\" data-element_type=\"widget\" data-widget_type=\"spacer.default\">\n\t\t\t\t<div class=\"elementor-widget-container\">\n\t\t\t<style>\/*! elementor - v3.9.2 - 21-12-2022 *\/\n.elementor-column .elementor-spacer-inner{height:var(--spacer-size)}.e-con{--container-widget-width:100%}.e-con-inner>.elementor-widget-spacer,.e-con>.elementor-widget-spacer{width:var(--container-widget-width,var(--spacer-size));--align-self:var(--container-widget-align-self,initial);--flex-shrink:0}.e-con-inner>.elementor-widget-spacer>.elementor-widget-container,.e-con-inner>.elementor-widget-spacer>.elementor-widget-container>.elementor-spacer,.e-con>.elementor-widget-spacer>.elementor-widget-container,.e-con>.elementor-widget-spacer>.elementor-widget-container>.elementor-spacer{height:100%}.e-con-inner>.elementor-widget-spacer>.elementor-widget-container>.elementor-spacer>.elementor-spacer-inner,.e-con>.elementor-widget-spacer>.elementor-widget-container>.elementor-spacer>.elementor-spacer-inner{height:var(--container-widget-height,var(--spacer-size))}<\/style>\t\t<div class=\"elementor-spacer\">\n\t\t\t<div class=\"elementor-spacer-inner\"><\/div>\n\t\t<\/div>\n\t\t\t\t<\/div>\n\t\t\t\t<\/div>\n\t\t\t\t\t<\/div>\n\t\t<\/div>\n\t\t\t\t\t\t\t<\/div>\n\t\t<\/section>\n\t\t\t\t<section class=\"elementor-section elementor-top-section elementor-element elementor-element-73be24f ot-traditional elementor-section-boxed elementor-section-height-default elementor-section-height-default\" data-id=\"73be24f\" data-element_type=\"section\" data-settings=\"{&quot;background_background&quot;:&quot;classic&quot;}\">\n\t\t\t\t\t\t<div class=\"elementor-container elementor-column-gap-default\">\n\t\t\t\t\t<div class=\"elementor-column elementor-col-100 elementor-top-column elementor-element elementor-element-127b13e ot-flex-column-vertical\" data-id=\"127b13e\" data-element_type=\"column\">\n\t\t\t<div class=\"elementor-widget-wrap elementor-element-populated\">\n\t\t\t\t\t\t\t\t<div class=\"elementor-element elementor-element-ca0ae35 elementor-widget elementor-widget-heading\" data-id=\"ca0ae35\" data-element_type=\"widget\" data-widget_type=\"heading.default\">\n\t\t\t\t<div class=\"elementor-widget-container\">\n\t\t\t<style>\/*! elementor - v3.9.2 - 21-12-2022 *\/\n.elementor-heading-title{padding:0;margin:0;line-height:1}.elementor-widget-heading .elementor-heading-title[class*=elementor-size-]>a{color:inherit;font-size:inherit;line-height:inherit}.elementor-widget-heading .elementor-heading-title.elementor-size-small{font-size:15px}.elementor-widget-heading .elementor-heading-title.elementor-size-medium{font-size:19px}.elementor-widget-heading .elementor-heading-title.elementor-size-large{font-size:29px}.elementor-widget-heading .elementor-heading-title.elementor-size-xl{font-size:39px}.elementor-widget-heading .elementor-heading-title.elementor-size-xxl{font-size:59px}<\/style><p class=\"elementor-heading-title elementor-size-default\">Ch\u00fang t\u00f4i \u1edf \u0111\u00e2y \u0111\u1ec3 tr\u1ea3 l\u1eddi c\u00e2u h\u1ecfi c\u1ee7a b\u1ea1n 24\/7<\/p>\t\t<\/div>\n\t\t\t\t<\/div>\n\t\t\t\t<div class=\"elementor-element elementor-element-ed367a6 elementor-widget elementor-widget-heading\" data-id=\"ed367a6\" data-element_type=\"widget\" data-widget_type=\"heading.default\">\n\t\t\t\t<div class=\"elementor-widget-container\">\n\t\t\t<h2 class=\"elementor-heading-title elementor-size-default\">N\u1ebeU B\u1ea0N C\u1ea6N T\u01af V\u1ea4N?<\/h2>\t\t<\/div>\n\t\t\t\t<\/div>\n\t\t\t\t<div class=\"elementor-element elementor-element-f08a21a elementor-align-center elementor-widget elementor-widget-ibutton\" data-id=\"f08a21a\" data-element_type=\"widget\" data-widget_type=\"ibutton.default\">\n\t\t\t\t<div class=\"elementor-widget-container\">\n\t\t\t\t\t<div class=\"ot-button\">\r\n\t\t\t<a href=\"https:\/\/trithucmoi.net.vn\/index.php\/contacts\/\" class=\"octf-btn octf-btn-primary\">LI\u00caN H\u1ec6 CH\u00daNG T\u00d4I<\/a>\r\n\t    <\/div>\r\n\t    \t\t<\/div>\n\t\t\t\t<\/div>\n\t\t\t\t\t<\/div>\n\t\t<\/div>\n\t\t\t\t\t\t\t<\/div>\n\t\t<\/section>\n\t\t\t\t<section class=\"elementor-section elementor-top-section elementor-element elementor-element-f7c5e0a ot-traditional elementor-section-boxed elementor-section-height-default elementor-section-height-default\" data-id=\"f7c5e0a\" data-element_type=\"section\" data-settings=\"{&quot;background_background&quot;:&quot;classic&quot;}\">\n\t\t\t\t\t\t<div class=\"elementor-container elementor-column-gap-default\">\n\t\t\t\t\t<div class=\"elementor-column elementor-col-100 elementor-top-column elementor-element elementor-element-b83793c ot-flex-column-vertical\" data-id=\"b83793c\" data-element_type=\"column\">\n\t\t\t<div class=\"elementor-widget-wrap elementor-element-populated\">\n\t\t\t\t\t\t\t\t<div class=\"elementor-element elementor-element-edd1a54 elementor-widget elementor-widget-iheading\" data-id=\"edd1a54\" data-element_type=\"widget\" data-widget_type=\"iheading.default\">\n\t\t\t\t<div class=\"elementor-widget-container\">\n\t\t\t\t\t<div class=\"ot-heading\">\r\n\t        \t            <span>\u0110\u1ed0I T\u00c1C C\u1ee6A CH\u00daNG T\u00d4I<\/span>\r\n\t        <h2 class=\"main-heading\">\u0110\u1ebeN T\u1eea R\u1ea4T NHI\u1ec0U DOANH NGHI\u1ec6P L\u1edaN<\/h2>\t    <\/div>\r\n\t    \t\t<\/div>\n\t\t\t\t<\/div>\n\t\t\t\t<div class=\"elementor-element elementor-element-8b5993b partners elementor-widget elementor-widget-image-carousel\" data-id=\"8b5993b\" data-element_type=\"widget\" data-settings=\"{&quot;slides_to_show&quot;:&quot;6&quot;,&quot;slides_to_show_tablet&quot;:&quot;4&quot;,&quot;slides_to_show_mobile&quot;:&quot;2&quot;,&quot;slides_to_scroll&quot;:&quot;1&quot;,&quot;navigation&quot;:&quot;none&quot;,&quot;autoplay_speed&quot;:6000,&quot;image_spacing_custom&quot;:{&quot;unit&quot;:&quot;px&quot;,&quot;size&quot;:80,&quot;sizes&quot;:[]},&quot;autoplay&quot;:&quot;yes&quot;,&quot;pause_on_hover&quot;:&quot;yes&quot;,&quot;pause_on_interaction&quot;:&quot;yes&quot;,&quot;infinite&quot;:&quot;yes&quot;,&quot;speed&quot;:500}\" data-widget_type=\"image-carousel.default\">\n\t\t\t\t<div class=\"elementor-widget-container\">\n\t\t\t<style>\/*! elementor - v3.9.2 - 21-12-2022 *\/\n.elementor-widget-image-carousel .swiper-container{position:static}.elementor-widget-image-carousel .swiper-container .swiper-slide figure{line-height:inherit}.elementor-widget-image-carousel .swiper-slide{text-align:center}.elementor-image-carousel-wrapper:not(.swiper-container-initialized) .swiper-slide{max-width:calc(100% \/ var(--e-image-carousel-slides-to-show, 3))}<\/style>\t\t<div class=\"elementor-image-carousel-wrapper swiper-container\" dir=\"ltr\">\n\t\t\t<div class=\"elementor-image-carousel swiper-wrapper\">\n\t\t\t\t\t\t\t\t<div class=\"swiper-slide\"><figure class=\"swiper-slide-inner\"><img decoding=\"async\" class=\"swiper-slide-image\" src=\"https:\/\/trithucmoi.net.vn\/wp-content\/uploads\/2022\/06\/Polycom-logo.png\" alt=\"Polycom-logo\" \/><\/figure><\/div><div class=\"swiper-slide\"><figure class=\"swiper-slide-inner\"><img decoding=\"async\" class=\"swiper-slide-image\" src=\"https:\/\/trithucmoi.net.vn\/wp-content\/uploads\/2022\/06\/wr8o8yjler0zmulgwayd.webp\" alt=\"wr8o8yjler0zmulgwayd\" \/><\/figure><\/div><div class=\"swiper-slide\"><figure class=\"swiper-slide-inner\"><img decoding=\"async\" class=\"swiper-slide-image\" src=\"https:\/\/trithucmoi.net.vn\/wp-content\/uploads\/2022\/06\/Juniper_Networks_logo500x500-2.png\" alt=\"Juniper_Networks_logo500x500\" \/><\/figure><\/div><div class=\"swiper-slide\"><figure class=\"swiper-slide-inner\"><img decoding=\"async\" class=\"swiper-slide-image\" src=\"https:\/\/trithucmoi.net.vn\/wp-content\/uploads\/2022\/06\/logo-fujitsu-png-4-1.png\" alt=\"logo-fujitsu-png-4\" \/><\/figure><\/div><div class=\"swiper-slide\"><figure class=\"swiper-slide-inner\"><img decoding=\"async\" class=\"swiper-slide-image\" src=\"https:\/\/trithucmoi.net.vn\/wp-content\/uploads\/2022\/06\/480x220-Aruba-Networks-Partner-Cameo-Global.svg\" alt=\"480x220-Aruba-Networks-Partner-Cameo-Global\" \/><\/figure><\/div><div class=\"swiper-slide\"><figure class=\"swiper-slide-inner\"><img decoding=\"async\" class=\"swiper-slide-image\" src=\"https:\/\/trithucmoi.net.vn\/wp-content\/uploads\/2022\/06\/Cisco-Emblem-1.png\" alt=\"Cisco-Emblem\" \/><\/figure><\/div>\t\t\t<\/div>\n\t\t\t\t\t\t\t\t\t\t\t\t\t\t\t\t<\/div>\n\t\t\t\t<\/div>\n\t\t\t\t<\/div>\n\t\t\t\t\t<\/div>\n\t\t<\/div>\n\t\t\t\t\t\t\t<\/div>\n\t\t<\/section>\n\t\t\t\t\t\t\t<\/div>\n\t\t","protected":false},"excerpt":{"rendered":"<p>S\u1ea2N PH\u1ea8M S\u1ea2N PH\u1ea8M C\u1ee6A TRI TH\u1ee8C M\u1edaI NKG LI\u00caN H\u1ec6 H\u1ec7 th\u1ed1ng qu\u1ea3n l\u00fd \u0111\u00e0o t\u1ea1o s\u1ed1 (LMS\/LCMS\/CMS) N\u1ec1n t\u1ea3ng tr\u1ee5c t\u00edch h\u1ee3p v\u00e0 qu\u1ea3n l\u00fd ng\u01b0\u1eddi d\u00f9ng t\u1eadp trung SSO Tri th\u1ee9c s\u1ed1 \u2013 n\u1ec1n t\u1ea3ng h\u1ecdc AI d\u00e0nh cho gi\u00e1o vi\u00ean H\u1ec7 th\u1ed1ng trung t\u00e2m \u0111i\u1ec1u h\u00e0nh s\u1ed1 (Dashboard IOC) \u1ee8ng d\u1ee5ng [&hellip;]<\/p>\n","protected":false},"author":2,"featured_media":0,"parent":0,"menu_order":0,"comment_status":"closed","ping_status":"closed","template":"","meta":{"footnotes":""},"class_list":["post-2407","page","type-page","status-publish","hentry"],"_links":{"self":[{"href":"https:\/\/trithucmoi.net.vn\/index.php\/wp-json\/wp\/v2\/pages\/2407","targetHints":{"allow":["GET"]}}],"collection":[{"href":"https:\/\/trithucmoi.net.vn\/index.php\/wp-json\/wp\/v2\/pages"}],"about":[{"href":"https:\/\/trithucmoi.net.vn\/index.php\/wp-json\/wp\/v2\/types\/page"}],"author":[{"embeddable":true,"href":"https:\/\/trithucmoi.net.vn\/index.php\/wp-json\/wp\/v2\/users\/2"}],"replies":[{"embeddable":true,"href":"https:\/\/trithucmoi.net.vn\/index.php\/wp-json\/wp\/v2\/comments?post=2407"}],"version-history":[{"count":90,"href":"https:\/\/trithucmoi.net.vn\/index.php\/wp-json\/wp\/v2\/pages\/2407\/revisions"}],"predecessor-version":[{"id":6697,"href":"https:\/\/trithucmoi.net.vn\/index.php\/wp-json\/wp\/v2\/pages\/2407\/revisions\/6697"}],"wp:attachment":[{"href":"https:\/\/trithucmoi.net.vn\/index.php\/wp-json\/wp\/v2\/media?parent=2407"}],"curies":[{"name":"wp","href":"https:\/\/api.w.org\/{rel}","templated":true}]}}